{"id":2674,"date":"2026-03-23T09:29:14","date_gmt":"2026-03-23T09:29:14","guid":{"rendered":"https:\/\/ilmioviaggioinalbania.com\/?post_type=product&#038;p=2674"},"modified":"2026-03-23T09:51:20","modified_gmt":"2026-03-23T09:51:20","slug":"%f0%9d%97%a8%f0%9d%97%bb%f0%9d%97%ae-%f0%9d%98%80%f0%9d%97%b2%f0%9d%98%81%f0%9d%98%81%f0%9d%97%b6%f0%9d%97%ba%f0%9d%97%ae%f0%9d%97%bb%f0%9d%97%ae-%f0%9d%97%b6%f0%9d%97%bb-%f0%9d%97%94%f0%9d%97%b9","status":"publish","type":"product","link":"https:\/\/ilmioviaggioinalbania.com\/sq\/produkt\/%f0%9d%97%a8%f0%9d%97%bb%f0%9d%97%ae-%f0%9d%98%80%f0%9d%97%b2%f0%9d%98%81%f0%9d%98%81%f0%9d%97%b6%f0%9d%97%ba%f0%9d%97%ae%f0%9d%97%bb%f0%9d%97%ae-%f0%9d%97%b6%f0%9d%97%bb-%f0%9d%97%94%f0%9d%97%b9\/","title":{"rendered":"\ud835\udde8\ud835\uddfb\ud835\uddee \ud835\ude00\ud835\uddf2\ud835\ude01\ud835\ude01\ud835\uddf6\ud835\uddfa\ud835\uddee\ud835\uddfb\ud835\uddee \ud835\uddf6\ud835\uddfb \ud835\uddd4\ud835\uddf9\ud835\uddef\ud835\uddee\ud835\uddfb\ud835\uddf6\ud835\uddee: \ud835\udde7\ud835\uddf6\ud835\uddff\ud835\uddee\ud835\uddfb\ud835\uddee \ud835\uddf2 \ud835\udde1\ud835\uddfc\ud835\uddff\ud835\uddf1 \ud835\uddee\ud835\ude02\ud835\ude01\ud835\uddf2\ud835\uddfb\ud835\ude01\ud835\uddf6\ud835\uddf0\ud835\uddfc (\ud835\udff3 \ud835\uddf4\ud835\uddf6\ud835\uddfc\ud835\uddff\ud835\uddfb\ud835\uddf6 \/ \ud835\udff2 \ud835\uddfb\ud835\uddfc\ud835\ude01\ud835\ude01\ud835\uddf6 \ud835\udde1\ud835\udde2\ud835\udde1 \ud835\uddda\ud835\udde5\ud835\udde8\ud835\udde3\ud835\udde3\ud835\udde2 \ud835\udde7\ud835\udde2\ud835\udde8\ud835\udde5 \ud835\udde3\ud835\udde5\ud835\udddc\ud835\udde9\ud835\uddd4\ud835\udde7\ud835\udde2)"},"content":{"rendered":"<p data-start=\"0\" data-end=\"149\">Un\u2019esperienza di 7 giorni pensata per coppie che vogliono scoprire l\u2019Albania in modo autentico ma organizzato, senza stress e con servizi di qualit\u00e0.<\/p>\n<p data-start=\"151\" data-end=\"484\">Il viaggio inizia a Tirana con trasferimento privato dall\u2019aeroporto e soggiorno in hotel centrale. Durante i primi giorni vivrai la capitale con un walk tour guidato tra le principali zone della citt\u00e0 e un\u2019esperienza off-road fuori Tirana con jeep privata e autista, per scoprire anche i dintorni in modo pi\u00f9 dinamico e coinvolgente.<\/p>\n<p data-start=\"486\" data-end=\"743\">Dal quarto giorno inizia il viaggio verso il nord dell\u2019Albania con auto privata e autista dedicato. Durante il percorso \u00e8 prevista una tappa presso Mrizi i Zanave, una delle realt\u00e0 gastronomiche pi\u00f9 rinomate del Paese, con visita della farm e pranzo tipico.<\/p>\n<p data-start=\"745\" data-end=\"889\">Si prosegue verso Scutari, dove pernotterai in un hotel caratteristico e vivrai un tour guidato della citt\u00e0, seguito da un pranzo tipico locale.<\/p>\n<p data-start=\"891\" data-end=\"1093\">Il giorno successivo partirai verso Valbona, nel cuore delle Alpi albanesi, una delle zone pi\u00f9 spettacolari del Paese. Qui vivrai un\u2019esperienza immersiva nella natura con tour dedicato e pranzo incluso.<\/p>\n<p data-start=\"1095\" data-end=\"1206\">Dopo l\u2019esperienza in montagna, rientro a Tirana con pernottamento in hotel e trasferimento finale in aeroporto.<\/p>\n<p data-start=\"1208\" data-end=\"1361\">Un viaggio completo che unisce citt\u00e0, tradizione e natura, pensato per chi vuole vivere l\u2019Albania vera con il giusto livello di comfort e organizzazione.<\/p>\n<hr data-start=\"1363\" data-end=\"1366\" \/>\n<p data-start=\"1368\" data-end=\"1969\"><strong data-start=\"1368\" data-end=\"1389\">\u2714\ufe0f COSA \u00c8 INCLUSO<\/strong><br \/>\n\ud83d\ude97 Trasferimenti da e per aeroporto<br data-start=\"1425\" data-end=\"1428\" \/>\ud83c\udfe8 3 notti in hotel in centro a Tirana<br data-start=\"1466\" data-end=\"1469\" \/>\ud83c\udfe8 1 notte in hotel caratteristico a Scutari<br data-start=\"1513\" data-end=\"1516\" \/>\ud83c\udfe8 1 notte in hotel a Valbona<br data-start=\"1545\" data-end=\"1548\" \/>\ud83c\udfe8 1 notte finale in hotel a Tirana<br data-start=\"1583\" data-end=\"1586\" \/>\u2615 Colazioni in hotel<br data-start=\"1606\" data-end=\"1609\" \/>\ud83c\udf7d\ufe0f Pranzi durante il viaggio (come da programma)<br data-start=\"1658\" data-end=\"1661\" \/>\ud83d\udc63 Walk tour guidato a Tirana<br data-start=\"1690\" data-end=\"1693\" \/>\ud83d\ude99 Tour off-road con jeep privata<br data-start=\"1726\" data-end=\"1729\" \/>\ud83d\ude98 Auto privata con autista per il nord dell\u2019Albania<br data-start=\"1781\" data-end=\"1784\" \/>\ud83d\udc64 Guida privata per 3 giorni<br data-start=\"1813\" data-end=\"1816\" \/>\ud83c\udf3f Esperienza e visita farm + pranzo a Mrizi i Zanave<br data-start=\"1869\" data-end=\"1872\" \/>\ud83c\udfd9\ufe0f Tour guidato della citt\u00e0 di Scutari<br data-start=\"1911\" data-end=\"1914\" \/>\ud83c\udfd4\ufe0f Tour a Valbona<br data-start=\"1932\" data-end=\"1935\" \/>\u26fd Carburante e logistica inclusa<br \/>\n\ud83d\udee1\ufe0f Assicurazione infortuni personali fino a 5.000\u20ac (valida per tutta la durata del viaggio)<br data-start=\"2064\" data-end=\"2067\" \/>\ud83d\udcf2 Assistenza dedicata in italiano su WhatsApp H24<\/p>\n<hr data-start=\"1971\" data-end=\"1974\" \/>\n<p data-start=\"1976\" data-end=\"2097\"><strong data-start=\"1976\" data-end=\"1993\">\u274c NON INCLUSO<\/strong><br \/>\n\ud83c\udf74 Cene<br data-start=\"2001\" data-end=\"2004\" \/>\ud83e\udd64 Snack e bevande extra<br data-start=\"2028\" data-end=\"2031\" \/>\ud83d\udcb8 Spese personali<br data-start=\"2049\" data-end=\"2052\" \/>\u2795 Attivit\u00e0 extra non previste dal programma<\/p>\n<p>IL PREZZO FINALE E&#8217; PER 2 PERSONE<\/p>","protected":false},"excerpt":{"rendered":"<p>Un viaggio completo per coppie alla scoperta dell\u2019Albania: dalla vivace Tirana alle montagne del nord, con tour guidati, esperienze autentiche, auto privata e organizzazione completa. Comfort, natura e cultura in un\u2019unica esperienza.<br \/>\n\ud835\udde3\ud835\udde5\ud835\uddd8\ud835\udded\ud835\udded\ud835\udde2 \ud835\udde3\ud835\uddd8\ud835\udde5 \ud835\udfee \ud835\udde3\ud835\uddd8\ud835\udde5\ud835\udde6\ud835\udde2\ud835\udde1\ud835\uddd8<br \/>\n\ud83d\udee1\ufe0f Assicurazione infortuni personali fino a 5.000\u20ac (valida per tutta la durata del viaggio)<br data-start=\"2064\" data-end=\"2067\" \/>\ud83d\udcf2 Assistenza dedicata in italiano su WhatsApp H24<\/p>","protected":false},"featured_media":2675,"comment_status":"open","ping_status":"closed","template":"","meta":{"_acf_changed":false},"product_brand":[],"product_cat":[108,87,104],"product_tag":[],"class_list":{"0":"post-2674","1":"product","2":"type-product","3":"status-publish","4":"has-post-thumbnail","6":"product_cat-ristorante","7":"product_cat-tour","8":"product_cat-transfer","10":"first","11":"instock","12":"sale","13":"featured","14":"shipping-taxable","15":"purchasable","16":"product-type-simple"},"acf":[],"_links":{"self":[{"href":"https:\/\/ilmioviaggioinalbania.com\/sq\/wp-json\/wp\/v2\/product\/2674","targetHints":{"allow":["GET"]}}],"collection":[{"href":"https:\/\/ilmioviaggioinalbania.com\/sq\/wp-json\/wp\/v2\/product"}],"about":[{"href":"https:\/\/ilmioviaggioinalbania.com\/sq\/wp-json\/wp\/v2\/types\/product"}],"replies":[{"embeddable":true,"href":"https:\/\/ilmioviaggioinalbania.com\/sq\/wp-json\/wp\/v2\/comments?post=2674"}],"wp:featuredmedia":[{"embeddable":true,"href":"https:\/\/ilmioviaggioinalbania.com\/sq\/wp-json\/wp\/v2\/media\/2675"}],"wp:attachment":[{"href":"https:\/\/ilmioviaggioinalbania.com\/sq\/wp-json\/wp\/v2\/media?parent=2674"}],"wp:term":[{"taxonomy":"product_brand","embeddable":true,"href":"https:\/\/ilmioviaggioinalbania.com\/sq\/wp-json\/wp\/v2\/product_brand?post=2674"},{"taxonomy":"product_cat","embeddable":true,"href":"https:\/\/ilmioviaggioinalbania.com\/sq\/wp-json\/wp\/v2\/product_cat?post=2674"},{"taxonomy":"product_tag","embeddable":true,"href":"https:\/\/ilmioviaggioinalbania.com\/sq\/wp-json\/wp\/v2\/product_tag?post=2674"}],"curies":[{"name":"wp","href":"https:\/\/api.w.org\/{rel}","templated":true}]}}