{"id":2654,"date":"2026-03-12T15:41:10","date_gmt":"2026-03-12T15:41:10","guid":{"rendered":"https:\/\/ilmioviaggioinalbania.com\/?post_type=product&#038;p=2654"},"modified":"2026-03-12T15:41:10","modified_gmt":"2026-03-12T15:41:10","slug":"%f0%9d%97%97%f0%9d%97%b2%f0%9d%97%b9%f0%9d%97%b6%f0%9d%97%b0%f0%9d%97%ae%f0%9d%98%81%f0%9d%97%b2%f0%9d%98%87%f0%9d%98%87%f0%9d%97%b2-%f0%9d%97%b1%f0%9d%97%b6-%f0%9d%97%a0%f0%9d%97%ae%f0%9d%97%bf","status":"publish","type":"product","link":"https:\/\/ilmioviaggioinalbania.com\/sq\/produkt\/%f0%9d%97%97%f0%9d%97%b2%f0%9d%97%b9%f0%9d%97%b6%f0%9d%97%b0%f0%9d%97%ae%f0%9d%98%81%f0%9d%97%b2%f0%9d%98%87%f0%9d%98%87%f0%9d%97%b2-%f0%9d%97%b1%f0%9d%97%b6-%f0%9d%97%a0%f0%9d%97%ae%f0%9d%97%bf\/","title":{"rendered":"\ud835\uddd7\ud835\uddf2\ud835\uddf9\ud835\uddf6\ud835\uddf0\ud835\uddee\ud835\ude01\ud835\uddf2\ud835\ude07\ud835\ude07\ud835\uddf2 \ud835\uddf1\ud835\uddf6 \ud835\udde0\ud835\uddee\ud835\uddff\ud835\uddf2 \ud835\uddf1\ud835\uddee \ud835\uddd4\ud835\uddf9\ud835\uddf1\ud835\uddfc \u2013 \ud835\udde0\ud835\uddf2\ud835\uddfb\ud835\ude02 \ud835\uddd7\ud835\uddf2\ud835\uddf4\ud835\ude02\ud835\ude00\ud835\ude01\ud835\uddee\ud835\ude07\ud835\uddf6\ud835\uddfc\ud835\uddfb\ud835\uddf2 \ud835\uddf1\ud835\uddf6 \ud835\udde3\ud835\uddf2\ud835\ude00\ud835\uddf0\ud835\uddf2 \ud835\uddfb\ud835\uddf2\ud835\uddf9 \ud835\uddd6\ud835\ude02\ud835\uddfc\ud835\uddff\ud835\uddf2 \ud835\uddf1\ud835\uddf6 \ud835\udde7\ud835\uddf6\ud835\uddff\ud835\uddee\ud835\uddfb\ud835\uddee"},"content":{"rendered":"<p data-start=\"530\" data-end=\"728\">Nel cuore di Tirana, tra la zona del <strong data-start=\"567\" data-end=\"577\">Blloku<\/strong> e <strong data-start=\"580\" data-end=\"601\">Piazza Skanderbeg<\/strong>, si trova <strong data-start=\"612\" data-end=\"643\">Delicatezze di Mare da Aldo<\/strong>, un ristorante che negli anni \u00e8 diventato una vera istituzione per chi ama il pesce.<\/p>\n<p data-start=\"730\" data-end=\"1057\">Il locale \u00e8 conosciuto soprattutto per il suo eccellente <strong data-start=\"787\" data-end=\"814\">rapporto qualit\u00e0 prezzo<\/strong>, ma anche per la qualit\u00e0 della cucina e l\u2019esperienza dello chef. Aldo ha infatti lavorato per oltre <strong data-start=\"915\" data-end=\"979\">vent\u2019anni in uno dei migliori ristoranti del litorale romano<\/strong>, portando a Tirana tecniche e conoscenze della tradizione italiana del pesce.<\/p>\n<p data-start=\"1059\" data-end=\"1248\">Il risultato \u00e8 una cucina che unisce prodotti di mare selezionati, preparazioni curate e un menu degustazione ricco, pensato per far scoprire diversi sapori del mare in un\u2019unica esperienza.<\/p>\n<p data-start=\"1250\" data-end=\"1398\">L\u2019ambiente \u00e8 accogliente e informale, perfetto per chi desidera una cena completa a base di pesce in una delle zone pi\u00f9 centrali e vive della citt\u00e0.<\/p>\n<p data-start=\"1400\" data-end=\"1432\"><strong data-start=\"1400\" data-end=\"1432\">Il menu degustazione include<\/strong><\/p>\n<p data-start=\"1434\" data-end=\"1606\">MIX crudi di mare<br data-start=\"1470\" data-end=\"1473\" \/>6 assaggi di antipasti cotti di mare<br data-start=\"1509\" data-end=\"1512\" \/>1\/2 primo piatto di pesce<br data-start=\"1535\" data-end=\"1538\" \/>1 secondo piatto di pesce<br data-start=\"1563\" data-end=\"1566\" \/>Dolce<br data-start=\"1571\" data-end=\"1574\" \/>Caff\u00e8<br data-start=\"1579\" data-end=\"1582\" \/>Acqua<br data-start=\"1587\" data-end=\"1590\" \/>1 calice di vino<\/p>\n<p data-start=\"1608\" data-end=\"1811\" data-is-last-node=\"\" data-is-only-node=\"\">Un\u2019esperienza gastronomica ideale per chi vuole scoprire uno dei ristoranti di pesce pi\u00f9 apprezzati di Tirana, con una cucina che unisce <strong data-start=\"1745\" data-end=\"1810\">tradizione italiana, esperienza e qualit\u00e0 delle materie prime<\/strong>.<\/p>","protected":false},"excerpt":{"rendered":"<p>Scopri uno dei ristoranti di pesce pi\u00f9 apprezzati di Tirana con un menu degustazione completo da <strong data-start=\"232\" data-end=\"263\">Delicatezze di Mare da Aldo<\/strong>, situato tra il Blloku e <strong data-start=\"289\" data-end=\"310\">Piazza Skanderbeg<\/strong>. Un\u2019esperienza culinaria con numerosi assaggi di mare, primo, secondo, dolce e vino, in un ristorante considerato da molti un punto di riferimento per il rapporto qualit\u00e0 prezzo.<\/p>","protected":false},"featured_media":2670,"comment_status":"open","ping_status":"closed","template":"","meta":{"_acf_changed":false},"product_brand":[],"product_cat":[109,108],"product_tag":[],"class_list":{"0":"post-2654","1":"product","2":"type-product","3":"status-publish","4":"has-post-thumbnail","6":"product_cat-pesce","7":"product_cat-ristorante","9":"first","10":"instock","11":"sale","12":"shipping-taxable","13":"purchasable","14":"product-type-simple"},"acf":[],"_links":{"self":[{"href":"https:\/\/ilmioviaggioinalbania.com\/sq\/wp-json\/wp\/v2\/product\/2654","targetHints":{"allow":["GET"]}}],"collection":[{"href":"https:\/\/ilmioviaggioinalbania.com\/sq\/wp-json\/wp\/v2\/product"}],"about":[{"href":"https:\/\/ilmioviaggioinalbania.com\/sq\/wp-json\/wp\/v2\/types\/product"}],"replies":[{"embeddable":true,"href":"https:\/\/ilmioviaggioinalbania.com\/sq\/wp-json\/wp\/v2\/comments?post=2654"}],"wp:featuredmedia":[{"embeddable":true,"href":"https:\/\/ilmioviaggioinalbania.com\/sq\/wp-json\/wp\/v2\/media\/2670"}],"wp:attachment":[{"href":"https:\/\/ilmioviaggioinalbania.com\/sq\/wp-json\/wp\/v2\/media?parent=2654"}],"wp:term":[{"taxonomy":"product_brand","embeddable":true,"href":"https:\/\/ilmioviaggioinalbania.com\/sq\/wp-json\/wp\/v2\/product_brand?post=2654"},{"taxonomy":"product_cat","embeddable":true,"href":"https:\/\/ilmioviaggioinalbania.com\/sq\/wp-json\/wp\/v2\/product_cat?post=2654"},{"taxonomy":"product_tag","embeddable":true,"href":"https:\/\/ilmioviaggioinalbania.com\/sq\/wp-json\/wp\/v2\/product_tag?post=2654"}],"curies":[{"name":"wp","href":"https:\/\/api.w.org\/{rel}","templated":true}]}}