{"id":2651,"date":"2026-03-10T13:09:53","date_gmt":"2026-03-10T13:09:53","guid":{"rendered":"https:\/\/ilmioviaggioinalbania.com\/?post_type=product&#038;p=2651"},"modified":"2026-03-10T13:09:53","modified_gmt":"2026-03-10T13:09:53","slug":"%f0%9d%97%98%f0%9d%98%80%f0%9d%97%bd%f0%9d%97%b2%f0%9d%97%bf%f0%9d%97%b6%f0%9d%97%b2%f0%9d%97%bb%f0%9d%98%87%f0%9d%97%ae-%f0%9d%97%a3%f0%9d%97%b6%f0%9d%98%87%f0%9d%98%87%f0%9d%97%ae-%f0%9d%97%a1","status":"publish","type":"product","link":"https:\/\/ilmioviaggioinalbania.com\/sq\/produkt\/%f0%9d%97%98%f0%9d%98%80%f0%9d%97%bd%f0%9d%97%b2%f0%9d%97%bf%f0%9d%97%b6%f0%9d%97%b2%f0%9d%97%bb%f0%9d%98%87%f0%9d%97%ae-%f0%9d%97%a3%f0%9d%97%b6%f0%9d%98%87%f0%9d%98%87%f0%9d%97%ae-%f0%9d%97%a1\/","title":{"rendered":"\ud835\uddd8\ud835\ude00\ud835\uddfd\ud835\uddf2\ud835\uddff\ud835\uddf6\ud835\uddf2\ud835\uddfb\ud835\ude07\ud835\uddee \ud835\udde3\ud835\uddf6\ud835\ude07\ud835\ude07\ud835\uddee \ud835\udde1\ud835\uddee\ud835\uddfd\ud835\uddfc\ud835\uddf9\ud835\uddf2\ud835\ude01\ud835\uddee\ud835\uddfb\ud835\uddee \ud835\uddee\ud835\uddf9\ud835\uddf9\ud835\uddee \ud835\udde3\ud835\uddf6\ud835\ude07\ud835\ude07\ud835\uddf2\ud835\uddff\ud835\uddf6\ud835\uddee \ud835\uddd5\ud835\ude02\ud835\uddf3\ud835\uddf3\ud835\uddee\ud835\uddf9\ud835\uddfc \ud835\uddfd\ud835\uddf2\ud835\uddff \ud835\udfee \ud835\udde3\ud835\uddf2\ud835\uddff\ud835\ude00\ud835\uddfc\ud835\uddfb\ud835\uddf2"},"content":{"rendered":"<p data-start=\"494\" data-end=\"814\">Se cerchi una vera pizza napoletana a Tirana, la Pizzeria Buffalo \u00e8 una tappa imperdibile. Considerata da molti tra le <strong data-start=\"613\" data-end=\"665\">migliori tre pizze napoletane in tutta l\u2019Albania<\/strong>, \u00e8 il posto giusto per chi vuole assaggiare una pizza preparata secondo la tradizione, con ingredienti selezionati e grande attenzione alla qualit\u00e0.<\/p>\n<p data-start=\"816\" data-end=\"1117\">Il locale si trova nella <strong data-start=\"841\" data-end=\"855\">zona Astir<\/strong>, quindi non nel centro citt\u00e0, ma proprio questa posizione rende il posto pi\u00f9 autentico e frequentato da chi conosce davvero la qualit\u00e0 della pizza. L\u2019ambiente \u00e8 <strong data-start=\"1017\" data-end=\"1050\">piccolo, curato e accogliente<\/strong>, perfetto per una cena tranquilla dove il protagonista \u00e8 il gusto.<\/p>\n<p data-start=\"1119\" data-end=\"1228\">Il menu per <strong data-start=\"1131\" data-end=\"1144\">2 persone<\/strong> \u00e8 pensato per far assaggiare alcune delle specialit\u00e0 pi\u00f9 apprezzate della pizzeria.<\/p>\n<p data-start=\"1230\" data-end=\"1249\"><strong data-start=\"1230\" data-end=\"1249\">Il menu include<\/strong><\/p>\n<p data-start=\"1251\" data-end=\"1441\">Pizza <strong data-start=\"1257\" data-end=\"1273\">Buffalo<\/strong>, una margherita preparata con mozzarella di bufala<br data-start=\"1324\" data-end=\"1327\" \/>Pizza <strong data-start=\"1333\" data-end=\"1345\">Bresaola<\/strong>, con bresaola DOP, mozzarella di bufala e granella di pistacchio<br data-start=\"1410\" data-end=\"1413\" \/>2 Coca Cola o bevande simili<\/p>\n<p data-start=\"1443\" data-end=\"1654\">La vera protagonista dell\u2019esperienza \u00e8 la <strong data-start=\"1485\" data-end=\"1508\">qualit\u00e0 della pizza<\/strong>, con impasto lavorato secondo tradizione napoletana e ingredienti selezionati che rendono ogni pizza ricca di sapore e perfettamente equilibrata.<\/p>\n<p data-start=\"1656\" data-end=\"1775\" data-is-last-node=\"\" data-is-only-node=\"\">Un\u2019esperienza semplice ma autentica, ideale per chi vuole scoprire una delle pizze napoletane pi\u00f9 apprezzate di Tirana.<\/p>","protected":false},"excerpt":{"rendered":"<p>Scopri una delle migliori pizze napoletane in Albania con un menu completo per <strong data-start=\"201\" data-end=\"214\">2 persone<\/strong> alla Pizzeria Buffalo. Un\u2019esperienza dedicata alla vera pizza napoletana con ingredienti di alta qualit\u00e0, due pizze speciali con mozzarella di bufala, bevande incluse e un ambiente piccolo, curato e accogliente nella zona Astir di Tirana.<\/p>","protected":false},"featured_media":2652,"comment_status":"open","ping_status":"closed","template":"","meta":{"_acf_changed":false},"product_brand":[],"product_cat":[87],"product_tag":[],"class_list":{"0":"post-2651","1":"product","2":"type-product","3":"status-publish","4":"has-post-thumbnail","6":"product_cat-tour","8":"first","9":"instock","10":"sale","11":"shipping-taxable","12":"purchasable","13":"product-type-simple"},"acf":[],"_links":{"self":[{"href":"https:\/\/ilmioviaggioinalbania.com\/sq\/wp-json\/wp\/v2\/product\/2651","targetHints":{"allow":["GET"]}}],"collection":[{"href":"https:\/\/ilmioviaggioinalbania.com\/sq\/wp-json\/wp\/v2\/product"}],"about":[{"href":"https:\/\/ilmioviaggioinalbania.com\/sq\/wp-json\/wp\/v2\/types\/product"}],"replies":[{"embeddable":true,"href":"https:\/\/ilmioviaggioinalbania.com\/sq\/wp-json\/wp\/v2\/comments?post=2651"}],"wp:featuredmedia":[{"embeddable":true,"href":"https:\/\/ilmioviaggioinalbania.com\/sq\/wp-json\/wp\/v2\/media\/2652"}],"wp:attachment":[{"href":"https:\/\/ilmioviaggioinalbania.com\/sq\/wp-json\/wp\/v2\/media?parent=2651"}],"wp:term":[{"taxonomy":"product_brand","embeddable":true,"href":"https:\/\/ilmioviaggioinalbania.com\/sq\/wp-json\/wp\/v2\/product_brand?post=2651"},{"taxonomy":"product_cat","embeddable":true,"href":"https:\/\/ilmioviaggioinalbania.com\/sq\/wp-json\/wp\/v2\/product_cat?post=2651"},{"taxonomy":"product_tag","embeddable":true,"href":"https:\/\/ilmioviaggioinalbania.com\/sq\/wp-json\/wp\/v2\/product_tag?post=2651"}],"curies":[{"name":"wp","href":"https:\/\/api.w.org\/{rel}","templated":true}]}}