{"id":2469,"date":"2026-01-28T13:58:22","date_gmt":"2026-01-28T13:58:22","guid":{"rendered":"https:\/\/ilmioviaggioinalbania.com\/?post_type=product&#038;p=2469"},"modified":"2026-03-05T15:27:40","modified_gmt":"2026-03-05T15:27:40","slug":"%f0%9d%97%a7%f0%9d%97%bf%f0%9d%97%ae%f0%9d%98%80%f0%9d%97%b3%f0%9d%97%b2%f0%9d%97%bf%f0%9d%97%b6%f0%9d%97%ba%f0%9d%97%b2%f0%9d%97%bb%f0%9d%98%81%f0%9d%97%bc-%f0%9d%97%a3%f0%9d%97%bf%f0%9d%97%b6","status":"publish","type":"product","link":"https:\/\/ilmioviaggioinalbania.com\/sq\/produkt\/%f0%9d%97%a7%f0%9d%97%bf%f0%9d%97%ae%f0%9d%98%80%f0%9d%97%b3%f0%9d%97%b2%f0%9d%97%bf%f0%9d%97%b6%f0%9d%97%ba%f0%9d%97%b2%f0%9d%97%bb%f0%9d%98%81%f0%9d%97%bc-%f0%9d%97%a3%f0%9d%97%bf%f0%9d%97%b6\/","title":{"rendered":"\ud835\ude4f\ud835\ude67\ud835\ude56\ud835\ude68\ud835\ude5b\ud835\ude5a\ud835\ude67\ud835\ude5e\ud835\ude62\ud835\ude5a\ud835\ude63\ud835\ude69\ud835\ude64 \ud835\ude4b\ud835\ude67\ud835\ude5e\ud835\ude6b\ud835\ude56\ud835\ude69\ud835\ude64 \ud835\ude51\ud835\ude44\ud835\ude4b \ud835\ude59\ud835\ude56 \ud835\ude5a \ud835\ude65\ud835\ude5a\ud835\ude67 \ud835\ude3c\ud835\ude5a\ud835\ude67\ud835\ude64\ud835\ude65\ud835\ude64\ud835\ude67\ud835\ude69\ud835\ude64 \u2013 \ud835\ude3e\ud835\ude64\ud835\ude62\ud835\ude5b\ud835\ude64\ud835\ude67\ud835\ude69, \ud835\ude3f\ud835\ude5e\ud835\ude68\ud835\ude58\ud835\ude67\ud835\ude5a\ud835\ude6f\ud835\ude5e\ud835\ude64\ud835\ude63\ud835\ude5a \ud835\ude5a \ud835\ude3c\ud835\ude5b\ud835\ude5b\ud835\ude5e\ud835\ude59\ud835\ude56\ud835\ude57\ud835\ude5e\ud835\ude61\ud835\ude5e\ud835\ude69\ud835\ude56&#8217;"},"content":{"rendered":"<h3 data-start=\"605\" data-end=\"643\">Cosa rende questo servizio premium<\/h3>\n<ul data-start=\"644\" data-end=\"1045\">\n<li data-start=\"644\" data-end=\"733\">\n<p data-start=\"646\" data-end=\"733\"><strong data-start=\"646\" data-end=\"689\">Accoglienza personalizzata in aeroporto<\/strong>, con monitoraggio del volo in tempo reale<\/p>\n<\/li>\n<li data-start=\"734\" data-end=\"807\">\n<p data-start=\"736\" data-end=\"807\"><strong data-start=\"736\" data-end=\"761\">Veicoli di alta gamma<\/strong>, sempre puliti, climatizzati e confortevoli<\/p>\n<\/li>\n<li data-start=\"808\" data-end=\"892\">\n<p data-start=\"810\" data-end=\"892\"><strong data-start=\"810\" data-end=\"840\">Autisti esperti e discreti<\/strong>, abituati a lavorare con clientela internazionale<\/p>\n<\/li>\n<li data-start=\"893\" data-end=\"964\">\n<p data-start=\"895\" data-end=\"964\"><strong data-start=\"895\" data-end=\"918\">Puntualit\u00e0 assoluta<\/strong>, anche in caso di ritardi o cambi di orario<\/p>\n<\/li>\n<li data-start=\"965\" data-end=\"1045\">\n<p data-start=\"967\" data-end=\"1045\"><strong data-start=\"967\" data-end=\"985\">Privacy totale<\/strong>, ideale per coppie, professionisti e viaggiatori esigenti<\/p>\n<\/li>\n<\/ul>\n<hr data-start=\"1047\" data-end=\"1050\" \/>\n<h3 data-start=\"1052\" data-end=\"1083\">Pi\u00f9 di un semplice transfer<\/h3>\n<p data-start=\"1084\" data-end=\"1358\">Questo servizio non \u00e8 un taxi. \u00c8 una <strong data-start=\"1121\" data-end=\"1161\">estensione del tuo soggiorno premium<\/strong>: dal primo momento ti senti seguito, accompagnato e tutelato. L\u2019autista conosce perfettamente la citt\u00e0 e pu\u00f2 adattare il percorso in base al traffico, garantendo un arrivo puntuale e senza stress.<\/p>\n<p data-start=\"1360\" data-end=\"1463\">Perfetto sia per <strong data-start=\"1377\" data-end=\"1400\">arrivi che partenze<\/strong>, per hotel di lusso, residenze private o esperienze esclusive.<\/p>\n<hr data-start=\"1465\" data-end=\"1468\" \/>\n<h3 data-start=\"1470\" data-end=\"1489\">Ideale per chi:<\/h3>\n<ul data-start=\"1490\" data-end=\"1711\">\n<li data-start=\"1490\" data-end=\"1544\">\n<p data-start=\"1492\" data-end=\"1544\">Viaggia per piacere o lavoro e vuole iniziare bene<\/p>\n<\/li>\n<li data-start=\"1545\" data-end=\"1603\">\n<p data-start=\"1547\" data-end=\"1603\">Desidera comfort e affidabilit\u00e0 fin dal primo contatto<\/p>\n<\/li>\n<li data-start=\"1604\" data-end=\"1658\">\n<p data-start=\"1606\" data-end=\"1658\">Vuole un servizio all\u2019altezza di un\u2019esperienza VIP<\/p>\n<\/li>\n<li data-start=\"1659\" data-end=\"1711\">\n<p data-start=\"1661\" data-end=\"1711\">Cerca discrezione, efficienza e standard elevati<\/p>\n<\/li>\n<\/ul>","protected":false},"excerpt":{"rendered":"<p data-start=\"90\" data-end=\"317\">Il tuo viaggio inizia e termina nel modo giusto. Il nostro <strong data-start=\"149\" data-end=\"217\">servizio di trasferimento privato da e per l\u2019aeroporto di Tirana<\/strong> \u00e8 pensato per chi non accetta compromessi in termini di comfort, puntualit\u00e0 e qualit\u00e0 del servizio.<\/p>\n<p data-start=\"319\" data-end=\"598\">All\u2019arrivo, un <strong data-start=\"334\" data-end=\"368\">autista professionale dedicato<\/strong> ti attender\u00e0 direttamente in aeroporto con <strong data-start=\"412\" data-end=\"430\">mezzi di lusso<\/strong>, selezionati per garantire un\u2019esperienza di viaggio superiore. Nessuna attesa, nessuna fila, nessuna improvvisazione: solo un trasferimento fluido, sicuro e riservato.<br \/>\nda 1 a 7 persone.<\/p>","protected":false},"featured_media":2487,"comment_status":"open","ping_status":"closed","template":"","meta":{"_acf_changed":false},"product_brand":[],"product_cat":[87,104],"product_tag":[],"class_list":{"0":"post-2469","1":"product","2":"type-product","3":"status-publish","4":"has-post-thumbnail","6":"product_cat-tour","7":"product_cat-transfer","9":"first","10":"instock","11":"sale","12":"shipping-taxable","13":"purchasable","14":"product-type-simple"},"acf":[],"_links":{"self":[{"href":"https:\/\/ilmioviaggioinalbania.com\/sq\/wp-json\/wp\/v2\/product\/2469","targetHints":{"allow":["GET"]}}],"collection":[{"href":"https:\/\/ilmioviaggioinalbania.com\/sq\/wp-json\/wp\/v2\/product"}],"about":[{"href":"https:\/\/ilmioviaggioinalbania.com\/sq\/wp-json\/wp\/v2\/types\/product"}],"replies":[{"embeddable":true,"href":"https:\/\/ilmioviaggioinalbania.com\/sq\/wp-json\/wp\/v2\/comments?post=2469"}],"wp:featuredmedia":[{"embeddable":true,"href":"https:\/\/ilmioviaggioinalbania.com\/sq\/wp-json\/wp\/v2\/media\/2487"}],"wp:attachment":[{"href":"https:\/\/ilmioviaggioinalbania.com\/sq\/wp-json\/wp\/v2\/media?parent=2469"}],"wp:term":[{"taxonomy":"product_brand","embeddable":true,"href":"https:\/\/ilmioviaggioinalbania.com\/sq\/wp-json\/wp\/v2\/product_brand?post=2469"},{"taxonomy":"product_cat","embeddable":true,"href":"https:\/\/ilmioviaggioinalbania.com\/sq\/wp-json\/wp\/v2\/product_cat?post=2469"},{"taxonomy":"product_tag","embeddable":true,"href":"https:\/\/ilmioviaggioinalbania.com\/sq\/wp-json\/wp\/v2\/product_tag?post=2469"}],"curies":[{"name":"wp","href":"https:\/\/api.w.org\/{rel}","templated":true}]}}