{"id":34,"date":"2025-05-26T12:43:16","date_gmt":"2025-05-26T12:43:16","guid":{"rendered":"https:\/\/ilmioviaggioinalbania.com\/?page_id=34"},"modified":"2025-11-19T09:20:43","modified_gmt":"2025-11-19T09:20:43","slug":"chi-siamo","status":"publish","type":"page","link":"https:\/\/ilmioviaggioinalbania.com\/sq\/chi-siamo\/","title":{"rendered":"Kush jemi ne"},"content":{"rendered":"<div data-elementor-type=\"wp-page\" data-elementor-id=\"34\" class=\"elementor elementor-34\" data-elementor-post-type=\"page\">\n\t\t\t\t\t\t<section class=\"elementor-section elementor-top-section elementor-element elementor-element-5d862f1 elementor-section-full_width elementor-section-content-middle elementor-section-height-default elementor-section-height-default\" data-id=\"5d862f1\" data-element_type=\"section\">\n\t\t\t\t\t\t<div class=\"elementor-container elementor-column-gap-no\">\n\t\t\t\t\t<div class=\"elementor-column elementor-col-100 elementor-top-column elementor-element elementor-element-697029ed\" data-id=\"697029ed\" data-element_type=\"column\">\n\t\t\t<div class=\"elementor-widget-wrap elementor-element-populated\">\n\t\t\t\t\t\t<div class=\"elementor-element elementor-element-3a6528d2 elementor-widget elementor-widget-heading\" data-id=\"3a6528d2\" data-element_type=\"widget\" data-widget_type=\"heading.default\">\n\t\t\t\t<div class=\"elementor-widget-container\">\n\t\t\t\t\t<h1 class=\"elementor-heading-title elementor-size-default\">Kush jemi ne<\/h1>\t\t\t\t<\/div>\n\t\t\t\t<\/div>\n\t\t\t\t<section class=\"elementor-section elementor-inner-section elementor-element elementor-element-31e4a1ad elementor-section-full_width elementor-section-height-default elementor-section-height-default\" data-id=\"31e4a1ad\" data-element_type=\"section\">\n\t\t\t\t\t\t<div class=\"elementor-container elementor-column-gap-extended\">\n\t\t\t\t\t<div class=\"elementor-column elementor-col-50 elementor-inner-column elementor-element elementor-element-30181233\" data-id=\"30181233\" data-element_type=\"column\">\n\t\t\t<div class=\"elementor-widget-wrap elementor-element-populated\">\n\t\t\t\t\t\t<div class=\"elementor-element elementor-element-4d22ce0a elementor-widget elementor-widget-heading\" data-id=\"4d22ce0a\" data-element_type=\"widget\" data-widget_type=\"heading.default\">\n\t\t\t\t<div class=\"elementor-widget-container\">\n\t\t\t\t\t<h3 class=\"elementor-heading-title elementor-size-default\">Dy zemra, nj\u00eb tok\u00eb, nj\u00eb mij\u00eb histori.<\/h3>\t\t\t\t<\/div>\n\t\t\t\t<\/div>\n\t\t\t\t<div class=\"elementor-element elementor-element-68c86b91 elementor-widget elementor-widget-text-editor\" data-id=\"68c86b91\" data-element_type=\"widget\" data-widget_type=\"text-editor.default\">\n\t\t\t\t<div class=\"elementor-widget-container\">\n\t\t\t\t\t\t\t\t\t<p>Ne kemi koh\u00eb q\u00eb e ndajm\u00eb k\u00ebt\u00eb vend p\u00ebrmes syve tan\u00eb, historis\u00eb son\u00eb dhe p\u00ebrvojave tona t\u00eb p\u00ebrditshme. Ne ndajm\u00eb itinerare autentike, k\u00ebshilla praktike, gatime q\u00eb duhet provuar dhe njer\u00ebzit e ve\u00e7ant\u00eb q\u00eb takojm\u00eb gjat\u00eb udh\u00ebtimeve tona.<\/p><p>Pavar\u00ebsisht n\u00ebse po planifikoni pushimet tuaja t\u00eb para n\u00eb Shqip\u00ebri apo po k\u00ebrkoni arsye t\u00eb reja p\u00ebr t'u kthyer, ne do t'ju tregojm\u00eb an\u00ebn autentike t\u00eb vendit - at\u00eb q\u00eb nuk do ta gjeni n\u00eb udh\u00ebzues.<\/p><p>Misioni yn\u00eb nuk \u00ebsht\u00eb vet\u00ebm t\u00eb informojm\u00eb, por t\u00eb frym\u00ebzojm\u00eb, shoq\u00ebrojm\u00eb dhe ndajm\u00eb emocione. \u00c7do ndales\u00eb jon\u00eb \u00ebsht\u00eb e mbushur me buz\u00ebqeshje, takime dhe detaje t\u00eb vogla q\u00eb e b\u00ebjn\u00eb \u00e7do udh\u00ebtim unik.<\/p><p>Ne ia v\u00ebm\u00eb fytyr\u00ebn, emocionet dhe pasionin ton\u00eb k\u00ebsaj.<\/p>\t\t\t\t\t\t\t\t<\/div>\n\t\t\t\t<\/div>\n\t\t\t\t\t<\/div>\n\t\t<\/div>\n\t\t\t\t<div class=\"elementor-column elementor-col-50 elementor-inner-column elementor-element elementor-element-4d863ef\" data-id=\"4d863ef\" data-element_type=\"column\">\n\t\t\t<div class=\"elementor-widget-wrap elementor-element-populated\">\n\t\t\t\t\t\t<div class=\"elementor-element elementor-element-778a0e3 elementor-widget__width-initial animated-slow elementor-widget-tablet__width-initial elementor-widget-mobile__width-initial elementor-invisible elementor-widget elementor-widget-spacer\" data-id=\"778a0e3\" data-element_type=\"widget\" data-settings=\"{&quot;motion_fx_motion_fx_scrolling&quot;:&quot;yes&quot;,&quot;motion_fx_translateY_effect&quot;:&quot;yes&quot;,&quot;motion_fx_translateY_affectedRange&quot;:{&quot;unit&quot;:&quot;%&quot;,&quot;size&quot;:&quot;&quot;,&quot;sizes&quot;:{&quot;start&quot;:&quot;50&quot;,&quot;end&quot;:&quot;99&quot;}},&quot;_animation&quot;:&quot;fadeInUp&quot;,&quot;motion_fx_translateY_speed&quot;:{&quot;unit&quot;:&quot;px&quot;,&quot;size&quot;:4,&quot;sizes&quot;:[]},&quot;motion_fx_devices&quot;:[&quot;desktop&quot;,&quot;tablet&quot;,&quot;mobile&quot;]}\" data-widget_type=\"spacer.default\">\n\t\t\t\t<div class=\"elementor-widget-container\">\n\t\t\t\t\t\t\t<div class=\"elementor-spacer\">\n\t\t\t<div class=\"elementor-spacer-inner\"><\/div>\n\t\t<\/div>\n\t\t\t\t\t\t<\/div>\n\t\t\t\t<\/div>\n\t\t\t\t<div class=\"elementor-element elementor-element-25a028f elementor-widget__width-initial animated-slow elementor-widget-tablet__width-initial elementor-widget-mobile__width-initial elementor-invisible elementor-widget elementor-widget-spacer\" data-id=\"25a028f\" data-element_type=\"widget\" data-settings=\"{&quot;motion_fx_motion_fx_scrolling&quot;:&quot;yes&quot;,&quot;motion_fx_translateY_effect&quot;:&quot;yes&quot;,&quot;motion_fx_translateY_affectedRange&quot;:{&quot;unit&quot;:&quot;%&quot;,&quot;size&quot;:&quot;&quot;,&quot;sizes&quot;:{&quot;start&quot;:&quot;50&quot;,&quot;end&quot;:&quot;99&quot;}},&quot;motion_fx_translateY_direction&quot;:&quot;negative&quot;,&quot;_animation&quot;:&quot;fadeInDown&quot;,&quot;motion_fx_translateY_speed&quot;:{&quot;unit&quot;:&quot;px&quot;,&quot;size&quot;:4,&quot;sizes&quot;:[]},&quot;motion_fx_devices&quot;:[&quot;desktop&quot;,&quot;tablet&quot;,&quot;mobile&quot;]}\" data-widget_type=\"spacer.default\">\n\t\t\t\t<div class=\"elementor-widget-container\">\n\t\t\t\t\t\t\t<div class=\"elementor-spacer\">\n\t\t\t<div class=\"elementor-spacer-inner\"><\/div>\n\t\t<\/div>\n\t\t\t\t\t\t<\/div>\n\t\t\t\t<\/div>\n\t\t\t\t\t<\/div>\n\t\t<\/div>\n\t\t\t\t\t<\/div>\n\t\t<\/section>\n\t\t\t\t\t<\/div>\n\t\t<\/div>\n\t\t\t\t\t<\/div>\n\t\t<\/section>\n\t\t\t\t<section class=\"elementor-section elementor-top-section elementor-element elementor-element-4db9502b elementor-section-full_width elementor-reverse-tablet elementor-reverse-mobile elementor-section-height-default elementor-section-height-default\" data-id=\"4db9502b\" data-element_type=\"section\">\n\t\t\t\t\t\t<div class=\"elementor-container elementor-column-gap-no\">\n\t\t\t\t\t<div class=\"elementor-column elementor-col-50 elementor-top-column elementor-element elementor-element-45727679\" data-id=\"45727679\" data-element_type=\"column\">\n\t\t\t<div class=\"elementor-widget-wrap elementor-element-populated\">\n\t\t\t\t\t\t<div class=\"elementor-element elementor-element-69176259 elementor-widget__width-initial animated-slow elementor-widget-tablet__width-initial elementor-widget-mobile__width-initial elementor-invisible elementor-widget elementor-widget-spacer\" data-id=\"69176259\" data-element_type=\"widget\" data-settings=\"{&quot;motion_fx_motion_fx_scrolling&quot;:&quot;yes&quot;,&quot;motion_fx_translateY_effect&quot;:&quot;yes&quot;,&quot;motion_fx_translateY_affectedRange&quot;:{&quot;unit&quot;:&quot;%&quot;,&quot;size&quot;:&quot;&quot;,&quot;sizes&quot;:{&quot;start&quot;:&quot;50&quot;,&quot;end&quot;:&quot;99&quot;}},&quot;motion_fx_translateY_direction&quot;:&quot;negative&quot;,&quot;_animation&quot;:&quot;fadeInDown&quot;,&quot;motion_fx_translateY_speed&quot;:{&quot;unit&quot;:&quot;px&quot;,&quot;size&quot;:4,&quot;sizes&quot;:[]},&quot;motion_fx_devices&quot;:[&quot;desktop&quot;,&quot;tablet&quot;,&quot;mobile&quot;]}\" data-widget_type=\"spacer.default\">\n\t\t\t\t<div class=\"elementor-widget-container\">\n\t\t\t\t\t\t\t<div class=\"elementor-spacer\">\n\t\t\t<div class=\"elementor-spacer-inner\"><\/div>\n\t\t<\/div>\n\t\t\t\t\t\t<\/div>\n\t\t\t\t<\/div>\n\t\t\t\t<div class=\"elementor-element elementor-element-599c5d58 elementor-widget__width-initial animated-slow elementor-widget-tablet__width-initial elementor-widget-mobile__width-initial elementor-invisible elementor-widget elementor-widget-spacer\" data-id=\"599c5d58\" data-element_type=\"widget\" data-settings=\"{&quot;motion_fx_motion_fx_scrolling&quot;:&quot;yes&quot;,&quot;motion_fx_translateY_effect&quot;:&quot;yes&quot;,&quot;motion_fx_translateY_affectedRange&quot;:{&quot;unit&quot;:&quot;%&quot;,&quot;size&quot;:&quot;&quot;,&quot;sizes&quot;:{&quot;start&quot;:&quot;50&quot;,&quot;end&quot;:&quot;99&quot;}},&quot;_animation&quot;:&quot;fadeInUp&quot;,&quot;motion_fx_translateY_speed&quot;:{&quot;unit&quot;:&quot;px&quot;,&quot;size&quot;:4,&quot;sizes&quot;:[]},&quot;motion_fx_devices&quot;:[&quot;desktop&quot;,&quot;tablet&quot;,&quot;mobile&quot;]}\" data-widget_type=\"spacer.default\">\n\t\t\t\t<div class=\"elementor-widget-container\">\n\t\t\t\t\t\t\t<div class=\"elementor-spacer\">\n\t\t\t<div class=\"elementor-spacer-inner\"><\/div>\n\t\t<\/div>\n\t\t\t\t\t\t<\/div>\n\t\t\t\t<\/div>\n\t\t\t\t\t<\/div>\n\t\t<\/div>\n\t\t\t\t<div class=\"elementor-column elementor-col-50 elementor-top-column elementor-element elementor-element-518f61ea\" data-id=\"518f61ea\" data-element_type=\"column\" data-settings=\"{&quot;animation_tablet&quot;:&quot;fadeIn&quot;}\">\n\t\t\t<div class=\"elementor-widget-wrap elementor-element-populated\">\n\t\t\t\t\t\t<div class=\"elementor-element elementor-element-a6c478b elementor-widget elementor-widget-heading\" data-id=\"a6c478b\" data-element_type=\"widget\" data-widget_type=\"heading.default\">\n\t\t\t\t<div class=\"elementor-widget-container\">\n\t\t\t\t\t<h4 class=\"elementor-heading-title elementor-size-default\">\"\u00c7do udh\u00ebtim \u00ebsht\u00eb nj\u00eb histori, por i yni fillon me dashurin\u00eb p\u00ebr k\u00ebt\u00eb tok\u00eb. Ne ecim n\u00ebp\u00ebr peizazhe t\u00eb njohura dhe surpriza t\u00eb papritura, duke l\u00ebn\u00eb detajet, takimet dhe emocionet t\u00eb na udh\u00ebheqin. Sepse p\u00ebr ne, Shqip\u00ebria \u00ebsht\u00eb m\u00eb shum\u00eb sesa thjesht nj\u00eb destinacion: \u00ebsht\u00eb sht\u00ebpi, kujtim dhe zbulim i vazhduesh\u00ebm.\"<\/h4>\t\t\t\t<\/div>\n\t\t\t\t<\/div>\n\t\t\t\t\t<\/div>\n\t\t<\/div>\n\t\t\t\t\t<\/div>\n\t\t<\/section>\n\t\t\t\t<section class=\"elementor-section elementor-top-section elementor-element elementor-element-14823f57 elementor-section-full_width elementor-section-height-default elementor-section-height-default\" data-id=\"14823f57\" data-element_type=\"section\" data-settings=\"{&quot;background_background&quot;:&quot;classic&quot;}\">\n\t\t\t\t\t\t<div class=\"elementor-container elementor-column-gap-no\">\n\t\t\t\t\t<div class=\"elementor-column elementor-col-100 elementor-top-column elementor-element elementor-element-566bcc87\" data-id=\"566bcc87\" data-element_type=\"column\">\n\t\t\t<div class=\"elementor-widget-wrap elementor-element-populated\">\n\t\t\t\t\t\t<div class=\"elementor-element elementor-element-70ef870c elementor-widget elementor-widget-heading\" data-id=\"70ef870c\" data-element_type=\"widget\" data-widget_type=\"heading.default\">\n\t\t\t\t<div class=\"elementor-widget-container\">\n\t\t\t\t\t<h2 class=\"elementor-heading-title elementor-size-default\">Le t\u00eb njihemi me nj\u00ebri-tjetrin<\/h2>\t\t\t\t<\/div>\n\t\t\t\t<\/div>\n\t\t\t\t<div class=\"elementor-element elementor-element-3ed382e8 elementor-widget elementor-widget-heading\" data-id=\"3ed382e8\" data-element_type=\"widget\" data-widget_type=\"heading.default\">\n\t\t\t\t<div class=\"elementor-widget-container\">\n\t\t\t\t\t<h5 class=\"elementor-heading-title elementor-size-default\">Kush i thot\u00eb t\u00eb gjitha k\u00ebto<\/h5>\t\t\t\t<\/div>\n\t\t\t\t<\/div>\n\t\t\t\t<section class=\"elementor-section elementor-inner-section elementor-element elementor-element-5df024b3 elementor-section-boxed elementor-section-height-default elementor-section-height-default\" data-id=\"5df024b3\" data-element_type=\"section\">\n\t\t\t\t\t\t<div class=\"elementor-container elementor-column-gap-wider\">\n\t\t\t\t\t<div class=\"elementor-column elementor-col-50 elementor-inner-column elementor-element elementor-element-4f5706c7\" data-id=\"4f5706c7\" data-element_type=\"column\">\n\t\t\t<div class=\"elementor-widget-wrap elementor-element-populated\">\n\t\t\t\t\t\t<div class=\"elementor-element elementor-element-4bceca11 imgbox-altezza-fissa elementor-position-top elementor-widget elementor-widget-image-box\" data-id=\"4bceca11\" data-element_type=\"widget\" data-widget_type=\"image-box.default\">\n\t\t\t\t<div class=\"elementor-widget-container\">\n\t\t\t\t\t<div class=\"elementor-image-box-wrapper\"><figure class=\"elementor-image-box-img\"><img fetchpriority=\"high\" decoding=\"async\" width=\"1920\" height=\"1698\" src=\"https:\/\/ilmioviaggioinalbania.com\/wp-content\/uploads\/2025\/11\/WhatsApp-Image-2025-11-19-at-10.11.15-scaled-e1763543724981.jpeg\" class=\"elementor-animation-sink attachment-full size-full wp-image-2202\" alt=\"\" srcset=\"https:\/\/ilmioviaggioinalbania.com\/wp-content\/uploads\/2025\/11\/WhatsApp-Image-2025-11-19-at-10.11.15-scaled-e1763543724981.jpeg 1920w, https:\/\/ilmioviaggioinalbania.com\/wp-content\/uploads\/2025\/11\/WhatsApp-Image-2025-11-19-at-10.11.15-scaled-e1763543724981-300x265.jpeg 300w, https:\/\/ilmioviaggioinalbania.com\/wp-content\/uploads\/2025\/11\/WhatsApp-Image-2025-11-19-at-10.11.15-scaled-e1763543724981-1024x906.jpeg 1024w, https:\/\/ilmioviaggioinalbania.com\/wp-content\/uploads\/2025\/11\/WhatsApp-Image-2025-11-19-at-10.11.15-scaled-e1763543724981-768x679.jpeg 768w, https:\/\/ilmioviaggioinalbania.com\/wp-content\/uploads\/2025\/11\/WhatsApp-Image-2025-11-19-at-10.11.15-scaled-e1763543724981-1536x1358.jpeg 1536w\" sizes=\"(max-width: 1920px) 100vw, 1920px\" \/><\/figure><div class=\"elementor-image-box-content\"><h5 class=\"elementor-image-box-title\">Emiliano Peluso<\/h5><p class=\"elementor-image-box-description translation-block\">Emri im \u00ebsht\u00eb Emiliano, jam 50 vje\u00e7 dhe me origjin\u00eb nga Roma. Kam jetuar n\u00eb Shqip\u00ebri q\u00eb nga viti 2018, ku u zhvendosa p\u00ebr t\u00eb zhvilluar mund\u00ebsi t\u00eb reja biznesi. Po at\u00eb vit, themelova kompanin\u00eb time t\u00eb par\u00eb turistike n\u00eb Shkod\u00ebr, nj\u00eb projekt q\u00eb e vazhdova me sukses deri n\u00eb vitin 2020, kur pandemia detyroi mbylljen e biznesit.\n<br><br>\nUn\u00eb vij nga bota e futbollit: Isha lojtar profesionist dhe m\u00eb von\u00eb trajner, me licenc\u00eb FIGC, dhe gjithashtu kam trajnuar profesionalisht. P\u00ebrgatitja fizike dhe atletike kan\u00eb qen\u00eb gjithmon\u00eb nj\u00eb konstante n\u00eb jet\u00ebn time, dhe me kalimin e viteve \u00ebsht\u00eb kombinuar me nj\u00eb pasion p\u00ebr nd\u00ebrtimin e trupit. Un\u00eb jam nj\u00eb trajner personal i kualifikuar dhe trajner mendor, me nj\u00eb qasje t\u00eb bazuar n\u00eb disiplin\u00eb, p\u00ebrvoj\u00eb dhe vizion strategjik.\n<br><br>\nQ\u00eb nga viti 2021, jam i martuar me Silvan\u00ebn, partneren time n\u00eb jet\u00eb dhe projekte. S\u00eb bashku, ne eksplorojm\u00eb dhe ndajm\u00eb Shqip\u00ebrin\u00eb \u00e7do dit\u00eb, duke kombinuar sportin, pun\u00ebn, udh\u00ebtimin dhe komunikimin. <br><br>\nKam jetuar n\u00eb Shkod\u00ebr p\u00ebr tre vjet, n\u00eb Vlor\u00eb p\u00ebr dy vjet dhe tani kam jetuar n\u00eb Tiran\u00eb p\u00ebr dy vjet. P\u00ebrve\u00e7 sportit, kam nj\u00eb pasion t\u00eb v\u00ebrtet\u00eb p\u00ebr ushqimin n\u00eb t\u00eb gjitha format e tij: M\u00eb p\u00eblqen t\u00eb zbuloj kuzhina t\u00eb reja, nga ushqimi tradicional i rrug\u00ebs deri te kuzhina me yje Michelin. P\u00ebr mua, \u00e7do pjat\u00eb \u00ebsht\u00eb nj\u00eb histori dhe \u00e7do shije nj\u00eb udh\u00ebtim.<\/p><\/div><\/div>\t\t\t\t<\/div>\n\t\t\t\t<\/div>\n\t\t\t\t\t<\/div>\n\t\t<\/div>\n\t\t\t\t<div class=\"elementor-column elementor-col-50 elementor-inner-column elementor-element elementor-element-5c51e15e\" data-id=\"5c51e15e\" data-element_type=\"column\">\n\t\t\t<div class=\"elementor-widget-wrap elementor-element-populated\">\n\t\t\t\t\t\t<div class=\"elementor-element elementor-element-7f77ffc9 imgbox-altezza-fissa elementor-position-top elementor-widget elementor-widget-image-box\" data-id=\"7f77ffc9\" data-element_type=\"widget\" data-widget_type=\"image-box.default\">\n\t\t\t\t<div class=\"elementor-widget-container\">\n\t\t\t\t\t<div class=\"elementor-image-box-wrapper\"><figure class=\"elementor-image-box-img\"><img decoding=\"async\" width=\"1920\" height=\"1847\" src=\"https:\/\/ilmioviaggioinalbania.com\/wp-content\/uploads\/2025\/11\/WhatsApp-Image-2025-11-19-at-10.11.15-1-scaled-e1763543765169.jpeg\" class=\"elementor-animation-sink attachment-full size-full wp-image-2203\" alt=\"\" srcset=\"https:\/\/ilmioviaggioinalbania.com\/wp-content\/uploads\/2025\/11\/WhatsApp-Image-2025-11-19-at-10.11.15-1-scaled-e1763543765169.jpeg 1920w, https:\/\/ilmioviaggioinalbania.com\/wp-content\/uploads\/2025\/11\/WhatsApp-Image-2025-11-19-at-10.11.15-1-scaled-e1763543765169-300x289.jpeg 300w, https:\/\/ilmioviaggioinalbania.com\/wp-content\/uploads\/2025\/11\/WhatsApp-Image-2025-11-19-at-10.11.15-1-scaled-e1763543765169-1024x985.jpeg 1024w, https:\/\/ilmioviaggioinalbania.com\/wp-content\/uploads\/2025\/11\/WhatsApp-Image-2025-11-19-at-10.11.15-1-scaled-e1763543765169-768x739.jpeg 768w, https:\/\/ilmioviaggioinalbania.com\/wp-content\/uploads\/2025\/11\/WhatsApp-Image-2025-11-19-at-10.11.15-1-scaled-e1763543765169-1536x1478.jpeg 1536w\" sizes=\"(max-width: 1920px) 100vw, 1920px\" \/><\/figure><div class=\"elementor-image-box-content\"><h5 class=\"elementor-image-box-title\">Silvana Delija<\/h5><p class=\"elementor-image-box-description translation-block\">Emri im \u00ebsht\u00eb Silvana, jam 31 vje\u00e7 dhe kam lindur n\u00eb Shkod\u00ebr, Shqip\u00ebri. Pasioni im p\u00ebr fitnesin filloi n\u00eb nj\u00eb mosh\u00eb shum\u00eb t\u00eb re, me nj\u00eb dashuri t\u00eb ve\u00e7ant\u00eb p\u00ebr peshat dhe st\u00ebrvitjen n\u00eb palest\u00ebr. Gjithashtu kam praktikuar ngritjen e peshave, duke zhvilluar nj\u00eb disiplin\u00eb fizike dhe mendore q\u00eb ka form\u00ebsuar udh\u00ebtimin tim.\n<br><br>\nN\u00eb vitin 2018, e takova p\u00ebr her\u00eb t\u00eb par\u00eb Emilianon n\u00eb palest\u00ebr. Rrug\u00ebt tona m\u00eb pas u ndan\u00eb p\u00ebr disa vite: punova si fizioterapiste n\u00eb Zvic\u00ebr dhe Itali, ku mora diplom\u00ebn time profesionale. N\u00eb Itali, mora edhe nj\u00eb certifikim si trajnere personale, duke zgjeruar aft\u00ebsit\u00eb e mia n\u00eb mir\u00ebqenie dhe p\u00ebrgatitje fizike.\n<br><br>\nN\u00eb vitin 2021, e takova p\u00ebrs\u00ebri Emilianon, i cili m\u00eb ringjalli pasionin p\u00ebr palestr\u00ebn, duke m\u00eb \u00e7uar t\u00eb nis nj\u00eb rrug\u00eb t\u00eb re: nd\u00ebrtimin e trupit. Sot jam nj\u00eb atlete e vendosur me nj\u00eb q\u00ebllim t\u00eb qart\u00eb dhe ambicioz: t\u00eb b\u00ebhem bodybuilderja e par\u00eb profesionale shqiptare n\u00eb kategorin\u00eb e mir\u00ebqenies dhe t\u00eb marr pjes\u00eb n\u00eb konkursin m\u00eb prestigjioz n\u00eb bot\u00eb, Miss Olympia.\n<br><br>\nEdhe pse dieta ime \u00ebsht\u00eb shum\u00eb e rrept\u00eb p\u00ebr shkak t\u00eb ushtrimeve, un\u00eb dhe Emiliano ndajm\u00eb nj\u00eb pasion t\u00eb v\u00ebrtet\u00eb p\u00ebr ushqimin. Ne duam t\u00eb udh\u00ebtojm\u00eb, t\u00eb provojm\u00eb shije t\u00eb reja dhe t\u00eb eksplorojm\u00eb kuzhina t\u00eb ndryshme, nga ushqimi i rrug\u00ebs deri te p\u00ebrvojat m\u00eb t\u00eb rafinuara gastronomike. P\u00ebr ne, \u00e7do pjat\u00eb ka t\u00eb b\u00ebj\u00eb me kultur\u00ebn, zbulimin dhe ndarjen.\n<br><br>\nGjithashtu m\u00eb p\u00eblqen t\u00eb zbuloj vende t\u00eb reja, qofshin t\u00eb zhytura n\u00eb natyr\u00eb apo luks. Jam e emocionuar t\u00eb p\u00ebrjetoj resorte, spa, hotele butike dhe vende ekskluzive, si dhe cepa t\u00eb fshehura dhe autentike t\u00eb vendit ton\u00eb. Kjo \u00ebsht\u00eb arsyeja pse un\u00eb dhe Emiliano udh\u00ebtojm\u00eb n\u00ebp\u00ebr Shqip\u00ebri, duke dokumentuar dhe ndar\u00eb p\u00ebrsosm\u00ebrin\u00eb e mir\u00ebqenies, relaksimit dhe pushimeve cil\u00ebsore. Duke kombinuar sportin, udh\u00ebtimin dhe stilin e jet\u00ebs, ne shfaqim nj\u00eb Shqip\u00ebri q\u00eb surprizon, frym\u00ebzon dhe magjeps.<\/p><\/div><\/div>\t\t\t\t<\/div>\n\t\t\t\t<\/div>\n\t\t\t\t\t<\/div>\n\t\t<\/div>\n\t\t\t\t\t<\/div>\n\t\t<\/section>\n\t\t\t\t\t<\/div>\n\t\t<\/div>\n\t\t\t\t\t<\/div>\n\t\t<\/section>\n\t\t\t\t<\/div>","protected":false},"excerpt":{"rendered":"<p>Chi siamo Due cuori, una terra, mille storie. Da tempo raccontiamo questo paese attraverso i nostri occhi, la nostra storia e le nostre esperienze quotidiane. Condividiamo itinerari reali, consigli pratici, piatti tipici da provare e persone speciali che incontriamo lungo i nostri viaggi. Che tu stia pianificando la tua prima vacanza in Albania o cercando [&hellip;]<\/p>","protected":false},"author":1,"featured_media":0,"parent":0,"menu_order":0,"comment_status":"closed","ping_status":"closed","template":"elementor_header_footer","meta":{"_acf_changed":false,"footnotes":""},"class_list":["post-34","page","type-page","status-publish","hentry"],"acf":[],"_links":{"self":[{"href":"https:\/\/ilmioviaggioinalbania.com\/sq\/wp-json\/wp\/v2\/pages\/34","targetHints":{"allow":["GET"]}}],"collection":[{"href":"https:\/\/ilmioviaggioinalbania.com\/sq\/wp-json\/wp\/v2\/pages"}],"about":[{"href":"https:\/\/ilmioviaggioinalbania.com\/sq\/wp-json\/wp\/v2\/types\/page"}],"author":[{"embeddable":true,"href":"https:\/\/ilmioviaggioinalbania.com\/sq\/wp-json\/wp\/v2\/users\/1"}],"replies":[{"embeddable":true,"href":"https:\/\/ilmioviaggioinalbania.com\/sq\/wp-json\/wp\/v2\/comments?post=34"}],"version-history":[{"count":59,"href":"https:\/\/ilmioviaggioinalbania.com\/sq\/wp-json\/wp\/v2\/pages\/34\/revisions"}],"predecessor-version":[{"id":2207,"href":"https:\/\/ilmioviaggioinalbania.com\/sq\/wp-json\/wp\/v2\/pages\/34\/revisions\/2207"}],"wp:attachment":[{"href":"https:\/\/ilmioviaggioinalbania.com\/sq\/wp-json\/wp\/v2\/media?parent=34"}],"curies":[{"name":"wp","href":"https:\/\/api.w.org\/{rel}","templated":true}]}}